{"id":2639,"date":"2019-08-26T15:32:51","date_gmt":"2019-08-26T13:32:51","guid":{"rendered":"https:\/\/www.stoffwindelfieber.ch\/?page_id=2639"},"modified":"2024-08-27T21:26:55","modified_gmt":"2024-08-27T19:26:55","slug":"stoffwindelberatung","status":"publish","type":"page","link":"https:\/\/www.stoffwindelfieber.ch\/fr\/stoffwindelberatung\/","title":{"rendered":"Conseils"},"content":{"rendered":"\n<div class=\"wp-block-uagb-container uagb-block-026437c7 alignfull uagb-is-root-container\"><div class=\"uagb-container-inner-blocks-wrap\">\n<div class=\"wp-block-uagb-info-box uagb-block-6b2200e9 uagb-infobox__content-wrap  uagb-infobox-icon-above-title uagb-infobox-image-valign-top\"><div class=\"uagb-ifb-content\"><div class=\"uagb-ifb-title-wrap\"><h4 class=\"uagb-ifb-title\">Pourquoi utiliser des couches lavables ou pratiquer le HNI ?<\/h4><\/div><p class=\"uagb-ifb-desc\">Pendant les 3 ans que votre b\u00e9b\u00e9 a besoin de couches, il utilise plus que 6000 couches jetables et produit plus que 1 tonne de d\u00e9chet. Ainsi on jette plus que 2000.- \u00e0 la poubelle. Langer son b\u00e9b\u00e9 avec des couches lavables est une d\u00e9cision qui est prise consciemment. Les raisons sont multiples:<\/p><\/div><\/div>\n\n\n\n<ul class=\"wp-block-list has-normal-font-size\">\n<li>le b\u00e9b\u00e9 ne supporte pas les couches jetables<\/li>\n\n\n\n<li>le b\u00e9b\u00e9 doit \u00eatre lang\u00e9 large \u00e0 cause d\u2019un mauvais alignement de la hanche<\/li>\n\n\n\n<li>vous voulez \u00e9viter une montagne de d\u00e9chets<\/li>\n\n\n\n<li>vous voulez \u00e9pargner de l\u2019argent et ressources<\/li>\n\n\n\n<li>ou simplement parce que les couches lavables sont jolies<\/li>\n<\/ul>\n\n\n\n<p>Entretemps les couches disponibles sur le march\u00e9 sont tellement nombreuses qu\u2019on a du mal \u00e0 s\u2019orienter. Lors de notre s\u00e9ance de conseil je vais vous aider \u00e0 comprendre les differentes syst\u00e8mes pour pouvoir commencer cette aventure avec confiance. En tenant compte de vos envie et votre style de vie on va trouver ensemble le ou les syst\u00e8mes qui vous conviennent.<\/p>\n\n\n\n<p>Il y a des differents possibilit\u00e9s de conseils disponibles. <a href=\"https:\/\/www.stoffwindelfieber.ch\/fr\/kontakt\/\" data-type=\"page\" data-id=\"18\">Contactez-moi<\/a> pour fixer un rendez-vous.<a href=\"http:\/\/www.stoffwindelfieber.ch\/booking\"><\/a><\/p>\n<\/div><\/div>\n\n\n\n<div class=\"wp-block-uagb-container uagb-block-65fe702a alignfull uagb-is-root-container\"><div class=\"uagb-container-inner-blocks-wrap\">\n<div class=\"wp-block-uagb-container uagb-block-e95758fa\">\n<div class=\"wp-block-uagb-info-box uagb-block-2d6f574e uagb-infobox__content-wrap  uagb-infobox-icon-above-title uagb-infobox-image-valign-top\"><div class=\"uagb-ifb-content\"><div class=\"uagb-ifb-title-wrap\"><h5 class=\"uagb-ifb-title\">Conseils personnalis\u00e9s<\/h5><\/div><p class=\"uagb-ifb-desc\">Vous allez bient\u00f4t \u00eatre parents? Ou vous avez d\u00e9j\u00e0 des enfants et vous aimeriez changer pour des couches lavables, mais vous savez pas comment et avec quel syst\u00e8me?<br><br>Je viens \u00e0 votre domicile et vous montre les differents syst\u00e8mes et quels sont les avantages et d\u00e9savantages. Ensemble on va trouver le syst\u00e8me le mieux adapt\u00e9 \u00e0 votre mode de vie.<br><br><strong>Prix<br><\/strong>Une s\u00e9ance co\u00fbte CHF 120.-\u00a0 et dure environ 1h30.<br><br>NB: Je me d\u00e9place en transports publics, il est alors indispensable que votre domicile est accessible en tp.<br><br><\/p><\/div><\/div>\n<\/div>\n\n\n\n<div class=\"wp-block-uagb-container uagb-block-9e3b85cc\">\n<div class=\"wp-block-uagb-info-box uagb-block-671c473b uagb-infobox__content-wrap  uagb-infobox-icon-above-title uagb-infobox-image-valign-top\"><div class=\"uagb-ifb-content\"><div class=\"uagb-ifb-title-wrap\"><h5 class=\"uagb-ifb-title\">Atelier en groupe<\/h5><\/div><p class=\"uagb-ifb-desc\">Vous \u00eates inter\u00e9ss\u00e9.s par les couches lavables, mais vous n\u2019\u00eates pas s\u00fbres de ce qui existe sur le march\u00e9 et comment s\u2019y mettre? Vous voulez \u00e9changer avec d\u2019autres parents?<br><br>IJe vous montre tous les syst\u00e8mes de couches lavables et vous explique comment les utiliser correnctement. Vous pouvez les essayer et toucher leur textures et poser vos questions et m\u00eame essayer les couches sur une poup\u00e9e.<br><br><strong>Prix<br><\/strong>La participation au cours co\u00fbte CHF 40.- par personne our 60.- par couple.<br><br>NB: Organisation \u00e0 partir de 4 personnes.<br><br><br><\/p><\/div><\/div>\n<\/div>\n\n\n\n<div class=\"wp-block-uagb-container uagb-block-35590e01\">\n<div class=\"wp-block-uagb-info-box uagb-block-f3fe6f11 uagb-infobox__content-wrap  uagb-infobox-icon-above-title uagb-infobox-image-valign-top\"><div class=\"uagb-ifb-content\"><div class=\"uagb-ifb-title-wrap\"><h5 class=\"uagb-ifb-title\">Conseils probl\u00e8mes<\/h5><\/div><p class=\"uagb-ifb-desc\">Vous utilisez d\u00e9j\u00e0 des couches lavables, mais vous n\u2019\u00eates pas satisfait, mais pas encore pr\u00eates \u00e0 abandonner?<br><br>Je viens \u00e0 votre domicile et regarde comment vous langer votre b\u00e9b\u00e9 pour identifier les probl\u00e8mes et vous proposer des solutions.<br><br><strong>Prix<br><\/strong>Une s\u00e9ance co\u00fbte CHF 60.- et dure environ 30-40 min.<br><br>NB: Je me d\u00e9place en transports publics, il est alors indispensable que votre domicile est accessible en tp.<br><br><br><br><\/p><\/div><\/div>\n<\/div>\n<\/div><\/div>\n\n\n\n<p><strong><strong>Service suppl\u00e9mentaire<br><\/strong><\/strong>Inclus dans le prix sont 30 minutes de conseils apr\u00e8s la s\u00e9ance en cas de probl\u00e8mes ou de doutes. \u00c0 faire valoir dans les 3 mois apr\u00e8s la s\u00e9ance ou la naissance de votre b\u00e9b\u00e9.<\/p>\n\n\n\n<p><strong><strong>Si jamais: Si vous avez fait une s\u00e9ance de conseils avec moi, vous auriez 10% de rabais sur les kits d\u2019essai.<\/strong><\/strong><\/p>\n\n\n\n<p>Je viens volontiers \u00e0 votre \u00e9v\u00e8nement (comme cours de pr\u00e9parations \u00e0 la naissance, cours de soins des b\u00e9b\u00e9s, cours z\u00e9ro d\u00e9chet). Je pr\u00e9sente une aper\u00e7u des couches lavables aux participants et montre les differents syst\u00e8mes avec leurs avantages\/d\u00e9savantages.<\/p>\n\n\n\n<hr class=\"wp-block-separator has-alpha-channel-opacity is-style-dots\"\/>\n\n\n\n<div class=\"wp-block-uagb-testimonial uagb-slick-carousel uagb-tm__arrow-outside uagb-block-13e31115\"><div class=\"is-carousel uagb-tm__columns-1 uagb-tm__items\"><div class=\"uagb-testimonial__wrap  uagb-tm__imgicon-style-circle uagb-tm__image-position-bottom uagb-tm__bg-type-color \"><div class=\"uagb-tm__content\"><div class=\"uagb-tm__overlay\"><\/div><div class=\"uagb-tm__text-wrap\"><div class=\"uagb-tm__desc\">Nach meinen Recherchen im Internet war ich total verloren, jetzt weiss ich wo anfangen und miete, wenn das Baby da ist zuerst einmal ein Testpaket, um die verschiedenen Systeme auszuprobieren. Vielen Dank f\u00fcr die kompetente Beratung!<\/div><div class=\"uagb-tm__meta-inner\"><div class=\"uagb-testimonial-details\"><span class=\"uagb-tm__author-name\">Caro<\/span><span class=\"uagb-tm__company\">Biel<\/span><\/div><\/div><\/div><\/div><\/div><div class=\"uagb-testimonial__wrap  uagb-tm__imgicon-style-circle uagb-tm__image-position-bottom uagb-tm__bg-type-color \"><div class=\"uagb-tm__content\"><div class=\"uagb-tm__overlay\"><\/div><div class=\"uagb-tm__text-wrap\"><div class=\"uagb-tm__desc\">Nach der Stoffwindelparty bin ich nicht mehr so verwirrt und kenne die verschiedenen Systeme, um eine gute Wahl treffen zu k\u00f6nnen. Ausserdem ist es sehr hilfreich, die verschiedenen Windel mal in der Hand halten zu k\u00f6nnen!<\/div><div class=\"uagb-tm__meta-inner\"><div class=\"uagb-testimonial-details\"><span class=\"uagb-tm__author-name\">Milena mit Babybauch<\/span><span class=\"uagb-tm__company\">Ipsach<\/span><\/div><\/div><\/div><\/div><\/div><div class=\"uagb-testimonial__wrap  uagb-tm__imgicon-style-circle uagb-tm__image-position-bottom uagb-tm__bg-type-color \"><div class=\"uagb-tm__content\"><div class=\"uagb-tm__overlay\"><\/div><div class=\"uagb-tm__text-wrap\"><div class=\"uagb-tm__desc\">Merci pour les conseils et les solutions pr\u00e9sent\u00e9 lors de notre rencontre. On a enfin trouv\u00e9 notre syst\u00e8me!<\/div><div class=\"uagb-tm__meta-inner\"><div class=\"uagb-testimonial-details\"><span class=\"uagb-tm__author-name\">Famille Leclerc<\/span><span class=\"uagb-tm__company\">P\u00e9ry<\/span><\/div><\/div><\/div><\/div><\/div><\/div><\/div>\n","protected":false},"excerpt":{"rendered":"<p>Entretemps les couches disponibles sur le march\u00e9 sont tellement nombreuses qu\u2019on a du mal \u00e0 s\u2019orienter. Lors de notre s\u00e9ance de conseil je vais vous \u2026<\/p>\n","protected":false},"author":1,"featured_media":0,"parent":0,"menu_order":0,"comment_status":"closed","ping_status":"closed","template":"","meta":{"_uag_custom_page_level_css":"","footnotes":""},"class_list":["post-2639","page","type-page","status-publish","hentry"],"translation":{"provider":"WPGlobus","version":"3.0.2","language":"fr","enabled_languages":["de","fr"],"languages":{"de":{"title":true,"content":true,"excerpt":false},"fr":{"title":true,"content":true,"excerpt":false}}},"uagb_featured_image_src":{"full":false,"thumbnail":false,"medium":false,"medium_large":false,"large":false,"1536x1536":false,"2048x2048":false,"post-thumbnail":false,"bravada-featured":false,"bravada-featured-lp":false,"bravada-featured-half":false,"bravada-featured-third":false,"bravada-lpbox-1":false,"bravada-lpbox-2":false},"uagb_author_info":{"display_name":"Fiona","author_link":"https:\/\/www.stoffwindelfieber.ch\/fr\/author\/fvadmin\/"},"uagb_comment_info":0,"uagb_excerpt":"Entretemps les couches disponibles sur le march\u00e9 sont tellement nombreuses qu\u2019on a du mal \u00e0 s\u2019orienter. Lors de notre s\u00e9ance de conseil je vais vous \u2026","_links":{"self":[{"href":"https:\/\/www.stoffwindelfieber.ch\/fr\/wp-json\/wp\/v2\/pages\/2639","targetHints":{"allow":["GET"]}}],"collection":[{"href":"https:\/\/www.stoffwindelfieber.ch\/fr\/wp-json\/wp\/v2\/pages"}],"about":[{"href":"https:\/\/www.stoffwindelfieber.ch\/fr\/wp-json\/wp\/v2\/types\/page"}],"author":[{"embeddable":true,"href":"https:\/\/www.stoffwindelfieber.ch\/fr\/wp-json\/wp\/v2\/users\/1"}],"replies":[{"embeddable":true,"href":"https:\/\/www.stoffwindelfieber.ch\/fr\/wp-json\/wp\/v2\/comments?post=2639"}],"version-history":[{"count":57,"href":"https:\/\/www.stoffwindelfieber.ch\/fr\/wp-json\/wp\/v2\/pages\/2639\/revisions"}],"predecessor-version":[{"id":3555,"href":"https:\/\/www.stoffwindelfieber.ch\/fr\/wp-json\/wp\/v2\/pages\/2639\/revisions\/3555"}],"wp:attachment":[{"href":"https:\/\/www.stoffwindelfieber.ch\/fr\/wp-json\/wp\/v2\/media?parent=2639"}],"curies":[{"name":"wp","href":"https:\/\/api.w.org\/{rel}","templated":true}]}}