{"id":3393,"date":"2024-04-25T14:01:05","date_gmt":"2024-04-25T12:01:05","guid":{"rendered":"https:\/\/www.stoffwindelfieber.ch\/?page_id=3393"},"modified":"2024-04-25T14:09:51","modified_gmt":"2024-04-25T12:09:51","slug":"allgemeine-geschaeftsbedingungen","status":"publish","type":"page","link":"https:\/\/www.stoffwindelfieber.ch\/fr\/allgemeine-geschaeftsbedingungen\/","title":{"rendered":"Conditions g\u00e9n\u00e9rales"},"content":{"rendered":"\n<div class=\"wp-block-uagb-info-box uagb-block-b1d27390 uagb-infobox__content-wrap  uagb-infobox-icon-above-title uagb-infobox-image-valign-top\"><div class=\"uagb-ifb-content\"><div class=\"uagb-ifb-title-wrap\"><h4 class=\"uagb-ifb-title\"><strong>pour la location de kits d&rsquo;essai de couches lavables aupr\u00e8s de Stoffwindelfieber<\/strong><\/h4><\/div><p class=\"uagb-ifb-desc\"><strong>\u00a7 1 Objet de la location<\/strong><br>Le prestataire s\u2019engage \u00e0 fournir au locataire un kit d\u2019essai de couches lavables avec accessoires. Les kits d\u2019essai sont constitu\u00e9s individuellement pour chaque client. Le type et le nombre de couches peuvent donc varier. Sauf accord contraire, les forfaits de location contiennent des couches de tous les syst\u00e8mes courants de couches lavables (TE1, TE2, TE3, couches \u00e0 poche, couches classiques, surcouches avec inserts). L&rsquo;inventaire annex\u00e9 au paquet d\u00e9taille le contenu du kit. L&rsquo;inventaire et les instructions de lavage et d&rsquo;entretien font partie du contrat de location.<br>Le contenu du kit doit \u00eatre contr\u00f4l\u00e9 par le locataire d\u00e8s sa r\u00e9ception et toute anomalie doit \u00eatre signal\u00e9e au prestataire sans d\u00e9lai.<br><strong>\u00a0<\/strong><br><strong>\u00a7 2 Conclusion du contrat<\/strong><br>La conclusion du contrat prend effet lors de la confirmation \u00e9crite de Stoffwindelfieber. La caution et les frais de location doivent \u00eatre pay\u00e9s avant le d\u00e9but de la p\u00e9riode de location. En cas d&rsquo;annulation d&rsquo;un contrat, des frais de dossier de CHF 20.- sont factur\u00e9s. Si l&rsquo;annulation est faite dans les 7 jours pr\u00e9c\u00e9dant la date de location, 50% des frais de location doivent \u00eatre pay\u00e9s.<br>\u00a0<br><strong>\u00a7 3 Frais de location et caution<\/strong><br>3.1 Une location pour 4 semaines est factur\u00e9e CHF 100.-\/ CHF 50-. Selon accord avec Stoffwindelfieber, la p\u00e9riode de location peut \u00eatre prolong\u00e9e pour CHF 10.- par semaine.<br>3.2 Une caution de CHF 200.-\/ CHF 150.- est demand\u00e9e pour chaque kit d\u2019essai. La caution est rembours\u00e9e int\u00e9gralement lors du retour int\u00e9gral et en \u00e9tat du kit \u00e0 Stoffwindelfieber \u00e0 la date convenue.<br>3.3 Le paiement de la location peut se faire des mani\u00e8res suivantes:<br>&#8211; en esp\u00e8ces (uniquement en cas de remise en main propre)<br>&#8211; par Twint au 078 658 96 64<br>&#8211; par paiement anticip\u00e9 sur le compte suivant:<br>Titulaire du compte : Fiona Vieille, 2615 Sonvilier<br>IBAN : CH11 0839 0035 8017 1000 8<br><strong>\u00a0<\/strong><br><strong>\u00a7 4 Livraison et retour<\/strong><br>4.1 Le d\u00e9but et la fin de la location sont convenus lors de la r\u00e9servation du kit d&rsquo;essai et deviennent obligatoires apr\u00e8s confirmation \u00e9crite par Stoffwindelfieber. Le kit d\u2019essai sera envoy\u00e9 \u00e0 la date convenue. Les frais de port pour l&rsquo;envoi sont inclus dans le prix. Si le paquet de location n&rsquo;arrive pas le jour convenu, Stoffwindelfieber doit en \u00eatre inform\u00e9 imm\u00e9diatement. Si aucune r\u00e9ponse n&rsquo;est re\u00e7ue, la date convenue est consid\u00e9r\u00e9e comme le d\u00e9but de la p\u00e9riode de location. Le jour de la fin de la location, le kit d\u2019essai doit \u00eatre renvoy\u00e9 par la poste \u00e0 Stoffwindelfieber au tarif \u00e9conomique (colis B). Les frais de retour sont \u00e0 la charge du client. Le kit d\u2019essai peut \u00e9galement \u00eatre remis \u00e0 Stoffwindelfieber en main propre.<br>4.2 Si, pour des raisons importantes, le locataire ne peut pas apporter \u00e0 temps le kit d\u2019essai \u00e0 la poste, il doit en informer imm\u00e9diatement Stoffwindelfieber. Si le kit d\u2019essai est retourn\u00e9 en retard sans accord pr\u00e9alable avec Stoffwindelfieber, Stoffwindelfieber facturera des frais de Fr. 2.- par jour de retard et d\u00e9duira ces frais directement de la caution.<br><strong>\u00a0<\/strong><br><strong><br><\/strong> <strong>\u00a7 5 Utilisation des objets lou\u00e9s<\/strong><br>5.1 Le locataire est tenu d\u2019utiliser les affaires avec soin et de les rendre dans un \u00e9tat irr\u00e9prochable, lav\u00e9es et bien s\u00e9ch\u00e9es. Les instructions de lavage et d&rsquo;entretien jointes au kit d\u2019essai donnent plus de d\u00e9tails \u00e0 ce sujet.<br>5.2 L&rsquo;utilisation des couches doit \u00eatre suspendue en cas d&rsquo;infection bact\u00e9rienne, fongique ou virale suspect\u00e9e, ou de<strong> <\/strong>diarrh\u00e9e. Dans ce cas, le prestataire doit \u00eatre contact\u00e9 imm\u00e9diatement.<br>5.3 Un produit de lavage sp\u00e9cial<strong> <\/strong>(Held Zero Sensitive) est fourni pour le premier lavage des couches. Si un autre d\u00e9tergent est utilis\u00e9 pour le reste de la p\u00e9riode de location, il faut d&rsquo;abord convenir avec Stoffwindelfieber s&rsquo;il convient pour les couches lavables. L&rsquo;utilisation d&rsquo;adoucissant ou d&rsquo;autres additifs est interdite, sauf accord pr\u00e9alable avec Stoffwindelfieber.<br><strong>\u00a0<\/strong><br><strong>\u00a7 6 Perte ou endommagement<\/strong><br>Le co\u00fbt des affaires manquantes ou endommag\u00e9es sera directement d\u00e9duit de la caution. Stoffwindelfieber se r\u00e9serve le droit de facturer des frais suppl\u00e9mentaires pour tout d\u00e9sagr\u00e9ment suppl\u00e9mentaire. Si la valeur des biens manquants ou endommag\u00e9s d\u00e9passe la valeur de la caution, Stoffwindelfieber facturera ce montant au locataire. En cas d\u2019impay\u00e9, une proc\u00e9dure de recouvrement sera ouverte.<br>\u00a0<br><strong>\u00a7 7 Hygi\u00e8ne<\/strong><br>Les couches et accessoires sont utilis\u00e9s et en bon \u00e9tat d&rsquo;entretien et d&rsquo;hygi\u00e8ne. Apr\u00e8s chaque location, le contenu du kit d\u2019essai est lav\u00e9 par Stoffwindelfieber entre 60 et 90\u00b0C, avec notamment un agent de blanchiment \u00e0 l&rsquo;oxyg\u00e8ne ayant un effet antibact\u00e9rien. Les kits d&rsquo;essai ne sont pas lou\u00e9s aux m\u00e9nages fumeurs. Si le client dissumule le fait que son m\u00e9nage est fumeur, le propri\u00e9taire se r\u00e9serve le droit de retenir la caution. Il n&rsquo;est pas exclu que les couches lavables entrent en contact avec des poils d&rsquo;animaux.<br><strong>\u00a0<\/strong><br><strong>\u00a7 8 Conseils pendant la p\u00e9riode d&rsquo;essai<\/strong><br>Tout probl\u00e8me survenant pendant la p\u00e9riode de location doit \u00eatre signal\u00e9 au prestataire. Pendant la p\u00e9riode de location, Stoffwindelfieber se tient \u00e0 disposition par t\u00e9l\u00e9phone et par \u00e9crit en cas de question. Stoffwindelfieber r\u00e9pondra aux heures de bureau dans les 24 heures.<br>\u00a0<br><strong>\u00a7 9 Divergences, plaintes, d\u00e9fauts<\/strong><br>En cas de d\u00e9saccord entre les parties contractantes, Stoffwindelfieber cherchera toujours un contact personnel afin de trouver une solution qui convienne aux deux parties.<br><strong>\u00a0<\/strong><br><strong>\u00a7 10 Conditions g\u00e9n\u00e9rales<\/strong><br>L&rsquo;objet de la location est la propri\u00e9t\u00e9 de Stoffwindelfieber, Fiona Vieille, 2615 Sonvilier.<br>Le droit suisse est applicable. Le lieu de juridiction est le si\u00e8ge social de Stoffwindelfieber.<br>\u00a0<\/p><\/div><\/div>\n\n\n\n<div class=\"wp-block-uagb-container uagb-block-18c4498a alignfull uagb-is-root-container\"><div class=\"uagb-container-inner-blocks-wrap\"><\/div><\/div>\n","protected":false},"excerpt":{"rendered":"","protected":false},"author":1,"featured_media":0,"parent":0,"menu_order":0,"comment_status":"closed","ping_status":"closed","template":"","meta":{"_uag_custom_page_level_css":"","footnotes":""},"class_list":["post-3393","page","type-page","status-publish","hentry"],"translation":{"provider":"WPGlobus","version":"3.0.2","language":"fr","enabled_languages":["de","fr"],"languages":{"de":{"title":true,"content":true,"excerpt":false},"fr":{"title":true,"content":true,"excerpt":false}}},"uagb_featured_image_src":{"full":false,"thumbnail":false,"medium":false,"medium_large":false,"large":false,"1536x1536":false,"2048x2048":false,"post-thumbnail":false,"bravada-featured":false,"bravada-featured-lp":false,"bravada-featured-half":false,"bravada-featured-third":false,"bravada-lpbox-1":false,"bravada-lpbox-2":false},"uagb_author_info":{"display_name":"Fiona","author_link":"https:\/\/www.stoffwindelfieber.ch\/fr\/author\/fvadmin\/"},"uagb_comment_info":0,"uagb_excerpt":null,"_links":{"self":[{"href":"https:\/\/www.stoffwindelfieber.ch\/fr\/wp-json\/wp\/v2\/pages\/3393","targetHints":{"allow":["GET"]}}],"collection":[{"href":"https:\/\/www.stoffwindelfieber.ch\/fr\/wp-json\/wp\/v2\/pages"}],"about":[{"href":"https:\/\/www.stoffwindelfieber.ch\/fr\/wp-json\/wp\/v2\/types\/page"}],"author":[{"embeddable":true,"href":"https:\/\/www.stoffwindelfieber.ch\/fr\/wp-json\/wp\/v2\/users\/1"}],"replies":[{"embeddable":true,"href":"https:\/\/www.stoffwindelfieber.ch\/fr\/wp-json\/wp\/v2\/comments?post=3393"}],"version-history":[{"count":3,"href":"https:\/\/www.stoffwindelfieber.ch\/fr\/wp-json\/wp\/v2\/pages\/3393\/revisions"}],"predecessor-version":[{"id":3397,"href":"https:\/\/www.stoffwindelfieber.ch\/fr\/wp-json\/wp\/v2\/pages\/3393\/revisions\/3397"}],"wp:attachment":[{"href":"https:\/\/www.stoffwindelfieber.ch\/fr\/wp-json\/wp\/v2\/media?parent=3393"}],"curies":[{"name":"wp","href":"https:\/\/api.w.org\/{rel}","templated":true}]}}